{"id":86,"date":"2022-08-10T11:15:18","date_gmt":"2022-08-10T09:15:18","guid":{"rendered":"https:\/\/wordpress.vecurosoft.com\/techbiz\/?page_id=86"},"modified":"2026-03-27T19:55:36","modified_gmt":"2026-03-27T18:55:36","slug":"contacto-vender-con-amazon","status":"publish","type":"page","link":"https:\/\/marketplaceconsulting.eu\/en\/contacto-vender-con-amazon\/","title":{"rendered":"Contact"},"content":{"rendered":"<div data-elementor-type=\"wp-page\" data-elementor-id=\"86\" class=\"elementor elementor-86\">\n\t\t\t\t\t\t<section class=\"elementor-section elementor-top-section elementor-element elementor-element-33b4740 elementor-section-full_width elementor-section-height-default elementor-section-height-default\" data-id=\"33b4740\" data-element_type=\"section\">\n\t\t\t\t\t\t<div class=\"elementor-container elementor-column-gap-no\">\n\t\t\t\t\t<div class=\"elementor-column elementor-col-100 elementor-top-column elementor-element elementor-element-55f84ff\" data-id=\"55f84ff\" data-element_type=\"column\">\n\t\t\t<div class=\"elementor-widget-wrap elementor-element-populated\">\n\t\t\t\t\t\t<section class=\"elementor-section elementor-inner-section elementor-element elementor-element-1cd676f elementor-section-boxed elementor-section-height-default elementor-section-height-default\" data-id=\"1cd676f\" data-element_type=\"section\">\n\t\t\t\t\t\t<div class=\"elementor-container elementor-column-gap-no\">\n\t\t\t\t\t<div class=\"elementor-column elementor-col-50 elementor-inner-column elementor-element elementor-element-35e1b6f\" data-id=\"35e1b6f\" data-element_type=\"column\">\n\t\t\t<div class=\"elementor-widget-wrap elementor-element-populated\">\n\t\t\t\t\t\t<div class=\"elementor-element elementor-element-e305919 elementor-widget elementor-widget-text-editor\" data-id=\"e305919\" data-element_type=\"widget\" data-widget_type=\"text-editor.default\">\n\t\t\t\t<div class=\"elementor-widget-container\">\n\t\t\t\t\t\t\t\t\t<div class=\"contact-box\"><h3 class=\"contact-box__title h4\">Marketplace Consulting LLC<\/h3><p data-start=\"3162\" data-end=\"3383\"><strong data-start=\"3162\" data-end=\"3383\">Respondemos a todas las consultas en menos de 24 horas laborables. Si quieres abrir, ordenar o escalar tu negocio en Amazon y otros marketplaces, cu\u00e9ntanos tu caso y te orientaremos sobre el siguiente paso m\u00e1s l\u00f3gico.<\/strong><\/p><div class=\"contact-box__item\"><div class=\"contact-box__icon\">\u00a0<\/div><div class=\"media-body\"><h4 class=\"contact-box__label\">Email:<\/h4><p class=\"contact-box__info\"><a href=\"mailto:info@marketplaceconsulting.eu\">info@marketplaceconsulting.eu<\/a><\/p><\/div><\/div><\/div>\t\t\t\t\t\t\t\t<\/div>\n\t\t\t\t<\/div>\n\t\t\t\t<div class=\"elementor-element elementor-element-d95f7f8 elementor-widget elementor-widget-image\" data-id=\"d95f7f8\" data-element_type=\"widget\" data-widget_type=\"image.default\">\n\t\t\t\t<div class=\"elementor-widget-container\">\n\t\t\t\t\t\t\t\t\t\t\t\t\t\t\t\t<a href=\"https:\/\/sellercentral-europe.amazon.com\/\">\n\t\t\t\t\t\t\t<img fetchpriority=\"high\" decoding=\"async\" width=\"251\" height=\"251\" src=\"https:\/\/marketplaceconsulting.eu\/wp-content\/uploads\/2023\/03\/t-1-5.jpg\" class=\"attachment-large size-large wp-image-2956\" alt=\"\" srcset=\"https:\/\/marketplaceconsulting.eu\/wp-content\/uploads\/2023\/03\/t-1-5.jpg 251w, https:\/\/marketplaceconsulting.eu\/wp-content\/uploads\/2023\/03\/t-1-5-100x100.jpg 100w, https:\/\/marketplaceconsulting.eu\/wp-content\/uploads\/2023\/03\/t-1-5-150x150.jpg 150w\" sizes=\"(max-width: 251px) 100vw, 251px\" \/>\t\t\t\t\t\t\t\t<\/a>\n\t\t\t\t\t\t\t\t\t\t\t\t\t\t\t<\/div>\n\t\t\t\t<\/div>\n\t\t\t\t\t<\/div>\n\t\t<\/div>\n\t\t\t\t<div class=\"elementor-column elementor-col-50 elementor-inner-column elementor-element elementor-element-0b1b19b\" data-id=\"0b1b19b\" data-element_type=\"column\">\n\t\t\t<div class=\"elementor-widget-wrap elementor-element-populated\">\n\t\t\t\t\t\t<div class=\"elementor-element elementor-element-4c9c90a elementor-widget elementor-widget-heading\" data-id=\"4c9c90a\" data-element_type=\"widget\" data-widget_type=\"heading.default\">\n\t\t\t\t<div class=\"elementor-widget-container\">\n\t\t\t\t\t<h3 class=\"elementor-heading-title elementor-size-default\">Contacta con nosotros<\/h3>\t\t\t\t<\/div>\n\t\t\t\t<\/div>\n\t\t\t\t<div class=\"elementor-element elementor-element-6fb1070 elementor-widget elementor-widget-shortcode\" data-id=\"6fb1070\" data-element_type=\"widget\" data-widget_type=\"shortcode.default\">\n\t\t\t\t<div class=\"elementor-widget-container\">\n\t\t\t\t\t\t\t<div class=\"elementor-shortcode\"><script src=\"https:\/\/js-eu1.hsforms.net\/forms\/embed\/146773270.js\" defer><\/script>\n<div class=\"hs-form-frame\" data-region=\"eu1\" data-form-id=\"e4e543ca-a1ac-4ed8-b824-28a69aeae1e9\" data-portal-id=\"146773270\"><\/div><\/div>\n\t\t\t\t\t\t<\/div>\n\t\t\t\t<\/div>\n\t\t\t\t\t<\/div>\n\t\t<\/div>\n\t\t\t\t\t<\/div>\n\t\t<\/section>\n\t\t\t\t\t<\/div>\n\t\t<\/div>\n\t\t\t\t\t<\/div>\n\t\t<\/section>\n\t\t<div class=\"elementor-element elementor-element-98cede1 e-flex e-con-boxed e-con e-parent\" data-id=\"98cede1\" data-element_type=\"container\">\n\t\t\t\t\t<div class=\"e-con-inner\">\n\t\t\t\t<div class=\"elementor-element elementor-element-60091d0 elementor-widget elementor-widget-heading\" data-id=\"60091d0\" data-element_type=\"widget\" data-widget_type=\"heading.default\">\n\t\t\t\t<div class=\"elementor-widget-container\">\n\t\t\t\t\t<h2 class=\"elementor-heading-title elementor-size-default\">Cu\u00e9ntanos tu proyecto o el problema que quieres resolver<\/h2>\t\t\t\t<\/div>\n\t\t\t\t<\/div>\n\t\t\t\t<div class=\"elementor-element elementor-element-f9c4cdb elementor-widget elementor-widget-text-editor\" data-id=\"f9c4cdb\" data-element_type=\"widget\" data-widget_type=\"text-editor.default\">\n\t\t\t\t<div class=\"elementor-widget-container\">\n\t\t\t\t\t\t\t\t\t<p>Trabajamos con marcas, fabricantes, distribuidores y vendedores que necesitan apoyo en Amazon y otros marketplaces. Si quieres abrir una cuenta, revisar un problema de cumplimiento Amazon, registrar tu marca, analizar rentabilidad, buscar financiaci\u00f3n o mejorar el control de tu distribuci\u00f3n, escr\u00edbenos y te diremos c\u00f3mo podemos ayudarte.<\/p><p><strong>Podemos ayudarte en \u00e1reas como estas:<\/strong><\/p><ul><li data-section-id=\"snlzso\" data-start=\"5066\" data-end=\"5099\">Gesti\u00f3n y creaci\u00f3n de cuentas<\/li><li data-section-id=\"1usy7c4\" data-start=\"5100\" data-end=\"5123\">Cumplimiento Amazon<\/li><li data-section-id=\"8r8gt2\" data-start=\"5124\" data-end=\"5145\">Registro de marca<\/li><li data-section-id=\"whusoo\" data-start=\"5146\" data-end=\"5169\">Market analysis<\/li><li data-section-id=\"3uwikz\" data-start=\"5170\" data-end=\"5196\">Rentabilidad ecommerce<\/li><li data-section-id=\"ea5gl6\" data-start=\"5197\" data-end=\"5213\">Financing<\/li><li data-section-id=\"apoxe3\" data-start=\"5214\" data-end=\"5237\">Distribution network<\/li><li data-section-id=\"1t85tw8\" data-start=\"5238\" data-end=\"5265\">Operativa log\u00edstica y 3PL<\/li><\/ul>\t\t\t\t\t\t\t\t<\/div>\n\t\t\t\t<\/div>\n\t\t\t\t\t<\/div>\n\t\t\t\t<\/div>\n\t\t<div class=\"elementor-element elementor-element-7b328fc e-flex e-con-boxed e-con e-parent\" data-id=\"7b328fc\" data-element_type=\"container\">\n\t\t\t\t\t<div class=\"e-con-inner\">\n\t\t\t\t<div class=\"elementor-element elementor-element-97cd5ac elementor-widget elementor-widget-heading\" data-id=\"97cd5ac\" data-element_type=\"widget\" data-widget_type=\"heading.default\">\n\t\t\t\t<div class=\"elementor-widget-container\">\n\t\t\t\t\t<h3 class=\"elementor-heading-title elementor-size-default\">\u00bfPrefieres hablarlo directamente?<\/h3>\t\t\t\t<\/div>\n\t\t\t\t<\/div>\n\t\t\t\t<div class=\"elementor-element elementor-element-5c7aa17 elementor-widget elementor-widget-text-editor\" data-id=\"5c7aa17\" data-element_type=\"widget\" data-widget_type=\"text-editor.default\">\n\t\t\t\t<div class=\"elementor-widget-container\">\n\t\t\t\t\t\t\t\t\t<p>Si quieres revisar tu caso con nosotros, puedes agendar una llamada y ver juntos qu\u00e9 servicio tiene m\u00e1s sentido para tu proyecto.<\/p>\t\t\t\t\t\t\t\t<\/div>\n\t\t\t\t<\/div>\n\t\t\t\t\t<\/div>\n\t\t\t\t<\/div>\n\t\t<div class=\"elementor-element elementor-element-335cde1 e-flex e-con-boxed e-con e-parent\" data-id=\"335cde1\" data-element_type=\"container\">\n\t\t\t\t\t<div class=\"e-con-inner\">\n\t\t\t\t<div class=\"elementor-element elementor-element-5bac6fe elementor-widget elementor-widget-techbizbutton\" data-id=\"5bac6fe\" data-element_type=\"widget\" data-widget_type=\"techbizbutton.default\">\n\t\t\t\t<div class=\"elementor-widget-container\">\n\t\t\t\t\t<!-- Button --><div class=\"btn-wrapper\"><a class=\"vs-btn\" href=\"https:\/\/meetings-eu1.hubspot.com\/alonso\/marketplace-consulting\">AGENDAR LLAMADA<i class=\"fas fa-chevron-right\"><\/i><\/a><\/div><!-- End Button -->\t\t\t\t<\/div>\n\t\t\t\t<\/div>\n\t\t\t\t\t<\/div>\n\t\t\t\t<\/div>\n\t\t<div class=\"elementor-element elementor-element-4186585 e-flex e-con-boxed e-con e-parent\" data-id=\"4186585\" data-element_type=\"container\">\n\t\t\t\t\t<div class=\"e-con-inner\">\n\t\t\t\t<div class=\"elementor-element elementor-element-87a741b elementor-widget elementor-widget-heading\" data-id=\"87a741b\" data-element_type=\"widget\" data-widget_type=\"heading.default\">\n\t\t\t\t<div class=\"elementor-widget-container\">\n\t\t\t\t\t<h3 class=\"elementor-heading-title elementor-size-default\">Preguntas frecuentes<\/h3>\t\t\t\t<\/div>\n\t\t\t\t<\/div>\n\t\t\t\t\t<\/div>\n\t\t\t\t<\/div>\n\t\t<div class=\"elementor-element elementor-element-854192e e-flex e-con-boxed e-con e-parent\" data-id=\"854192e\" data-element_type=\"container\">\n\t\t\t\t\t<div class=\"e-con-inner\">\n\t\t\t\t<div class=\"elementor-element elementor-element-6c7db86 elementor-widget elementor-widget-techbizfaq\" data-id=\"6c7db86\" data-element_type=\"widget\" data-widget_type=\"techbizfaq.default\">\n\t\t\t\t<div class=\"elementor-widget-container\">\n\t\t\t\t\t<div class=\"accordion accordion-style1 layout2\" id=\"accordionLayout1\"><div class=\"accordion-item accordion-box\"><h2 class=\"accordion-header\" id=\"accHead1\"><button class=\"accordion-button\" type=\"button\" data-bs-toggle=\"collapse\" data-bs-target=\"#accBody1\" aria-expanded=\"true\" aria-controls=\"accBody1\">\u00bfTrabaj\u00e1is solo Amazon o tambi\u00e9n otros marketplaces?<\/button><\/h2><div id=\"accBody1\" class=\"accordion-collapse collapse show\" aria-labelledby=\"accHead1\" data-bs-parent=\"#accordionLayout1\"><div class=\"accordion-body\"><p class=\"mb-0\">Trabajamos Amazon y otros marketplaces relevantes seg\u00fan el tipo de producto, la categor\u00eda y el mercado al que quieras dirigirte.<\/p><\/div><\/div><\/div><div class=\"accordion-item accordion-box\"><h2 class=\"accordion-header\" id=\"accHead2\"><button class=\"accordion-button collapsed\" type=\"button\" data-bs-toggle=\"collapse\" data-bs-target=\"#accBody2\" aria-expanded=\"false\" aria-controls=\"accBody2\">\u00bfPod\u00e9is ayudar aunque todav\u00eda no vendamos en marketplaces?<\/button><\/h2><div id=\"accBody2\" class=\"accordion-collapse collapse\" aria-labelledby=\"accHead2\" data-bs-parent=\"#accordionLayout1\"><div class=\"accordion-body\"><p class=\"mb-0\">S\u00ed. Ayudamos tanto a empresas que todav\u00eda no han empezado como a marcas y fabricantes que ya venden y quieren ordenar o escalar su operativa.<\/p><\/div><\/div><\/div><div class=\"accordion-item accordion-box\"><h2 class=\"accordion-header\" id=\"accHead3\"><button class=\"accordion-button collapsed\" type=\"button\" data-bs-toggle=\"collapse\" data-bs-target=\"#accBody3\" aria-expanded=\"false\" aria-controls=\"accBody3\">\u00bfQu\u00e9 tipo de servicios ofrec\u00e9is?<\/button><\/h2><div id=\"accBody3\" class=\"accordion-collapse collapse\" aria-labelledby=\"accHead3\" data-bs-parent=\"#accordionLayout1\"><div class=\"accordion-body\"><p class=\"mb-0\">Trabajamos servicios como apertura y gesti\u00f3n de cuentas, cumplimiento Amazon, registro de marca, an\u00e1lisis de mercado, rentabilidad ecommerce, financiaci\u00f3n, log\u00edstica y control de distribuci\u00f3n.<\/p><\/div><\/div><\/div><div class=\"accordion-item accordion-box\"><h2 class=\"accordion-header\" id=\"accHead4\"><button class=\"accordion-button collapsed\" type=\"button\" data-bs-toggle=\"collapse\" data-bs-target=\"#accBody4\" aria-expanded=\"false\" aria-controls=\"accBody4\">\u00bfHac\u00e9is solo consultor\u00eda o tambi\u00e9n implementaci\u00f3n?<\/button><\/h2><div id=\"accBody4\" class=\"accordion-collapse collapse\" aria-labelledby=\"accHead4\" data-bs-parent=\"#accordionLayout1\"><div class=\"accordion-body\"><p class=\"mb-0\">Dependiendo del caso, tambi\u00e9n ayudamos en la parte operativa y de ejecuci\u00f3n, no solo en la parte estrat\u00e9gica.<\/p><\/div><\/div><\/div><div class=\"accordion-item accordion-box\"><h2 class=\"accordion-header\" id=\"accHead5\"><button class=\"accordion-button collapsed\" type=\"button\" data-bs-toggle=\"collapse\" data-bs-target=\"#accBody5\" aria-expanded=\"false\" aria-controls=\"accBody5\">\u00bfCu\u00e1nto tard\u00e1is en responder?<\/button><\/h2><div id=\"accBody5\" class=\"accordion-collapse collapse\" aria-labelledby=\"accHead5\" data-bs-parent=\"#accordionLayout1\"><div class=\"accordion-body\"><p class=\"mb-0\">Respondemos a todas las consultas en menos de 24 horas laborables.<\/p><\/div><\/div><\/div><\/div>\t\t\t\t<\/div>\n\t\t\t\t<\/div>\n\t\t\t\t\t<\/div>\n\t\t\t\t<\/div>\n\t\t\t\t<\/div>","protected":false},"excerpt":{"rendered":"<p>Marketplace Consulting LLC Respondemos a todas las consultas en menos de 24 horas laborables. Si quieres abrir, ordenar o escalar tu negocio en Amazon y otros marketplaces, cu\u00e9ntanos tu caso y te orientaremos sobre el siguiente paso m\u00e1s l\u00f3gico. \u00a0 Email: info@marketplaceconsulting.eu Contacta con nosotros Cu\u00e9ntanos tu proyecto o el problema que quieres resolver Trabajamos&#8230;<\/p>","protected":false},"author":1,"featured_media":0,"parent":0,"menu_order":0,"comment_status":"closed","ping_status":"closed","template":"template-builder.php","meta":{"content-type":"","footnotes":""},"class_list":["post-86","page","type-page","status-publish","hentry"],"yoast_head":"<!-- This site is optimized with the Yoast SEO plugin v25.4 - https:\/\/yoast.com\/wordpress\/plugins\/seo\/ -->\n<title>Contacto | Consultor\u00eda Amazon y marketplaces | Marketplace Consulting<\/title>\n<meta name=\"description\" content=\"Contacta con Marketplace Consulting. Te ayudamos con Amazon y otros marketplaces en apertura de cuentas, cumplimiento Amazon, registro de marca, rentabilidad, financiaci\u00f3n y distribuci\u00f3n.\" \/>\n<meta name=\"robots\" content=\"index, follow, max-snippet:-1, max-image-preview:large, max-video-preview:-1\" \/>\n<link rel=\"canonical\" href=\"https:\/\/marketplaceconsulting.eu\/en\/contacto-vender-con-amazon\/\" \/>\n<meta property=\"og:locale\" content=\"en_US\" \/>\n<meta property=\"og:type\" content=\"article\" \/>\n<meta property=\"og:title\" content=\"Contacto | Consultor\u00eda Amazon y marketplaces | Marketplace Consulting\" \/>\n<meta property=\"og:description\" content=\"Contacta con Marketplace Consulting. Te ayudamos con Amazon y otros marketplaces en apertura de cuentas, cumplimiento Amazon, registro de marca, rentabilidad, financiaci\u00f3n y distribuci\u00f3n.\" \/>\n<meta property=\"og:url\" content=\"https:\/\/marketplaceconsulting.eu\/en\/contacto-vender-con-amazon\/\" \/>\n<meta property=\"og:site_name\" content=\"Marketplace Consulting\" \/>\n<meta property=\"article:modified_time\" content=\"2026-03-27T18:55:36+00:00\" \/>\n<meta property=\"og:image\" content=\"https:\/\/marketplaceconsulting.eu\/wp-content\/uploads\/2023\/03\/t-1-5.jpg\" \/>\n\t<meta property=\"og:image:width\" content=\"251\" \/>\n\t<meta property=\"og:image:height\" content=\"251\" \/>\n\t<meta property=\"og:image:type\" content=\"image\/jpeg\" \/>\n<meta name=\"twitter:card\" content=\"summary_large_image\" \/>\n<meta name=\"twitter:label1\" content=\"Est. reading time\" \/>\n\t<meta name=\"twitter:data1\" content=\"2 minutes\" \/>\n<script type=\"application\/ld+json\" class=\"yoast-schema-graph\">{\"@context\":\"https:\/\/schema.org\",\"@graph\":[{\"@type\":\"WebPage\",\"@id\":\"https:\/\/marketplaceconsulting.eu\/contacto-vender-con-amazon\/\",\"url\":\"https:\/\/marketplaceconsulting.eu\/contacto-vender-con-amazon\/\",\"name\":\"Contacto | Consultor\u00eda Amazon y marketplaces | Marketplace Consulting\",\"isPartOf\":{\"@id\":\"https:\/\/marketplaceconsulting.eu\/#website\"},\"primaryImageOfPage\":{\"@id\":\"https:\/\/marketplaceconsulting.eu\/contacto-vender-con-amazon\/#primaryimage\"},\"image\":{\"@id\":\"https:\/\/marketplaceconsulting.eu\/contacto-vender-con-amazon\/#primaryimage\"},\"thumbnailUrl\":\"https:\/\/marketplaceconsulting.eu\/wp-content\/uploads\/2023\/03\/t-1-5.jpg\",\"datePublished\":\"2022-08-10T09:15:18+00:00\",\"dateModified\":\"2026-03-27T18:55:36+00:00\",\"description\":\"Contacta con Marketplace Consulting. Te ayudamos con Amazon y otros marketplaces en apertura de cuentas, cumplimiento Amazon, registro de marca, rentabilidad, financiaci\u00f3n y distribuci\u00f3n.\",\"breadcrumb\":{\"@id\":\"https:\/\/marketplaceconsulting.eu\/contacto-vender-con-amazon\/#breadcrumb\"},\"inLanguage\":\"en-US\",\"potentialAction\":[{\"@type\":\"ReadAction\",\"target\":[\"https:\/\/marketplaceconsulting.eu\/contacto-vender-con-amazon\/\"]}]},{\"@type\":\"ImageObject\",\"inLanguage\":\"en-US\",\"@id\":\"https:\/\/marketplaceconsulting.eu\/contacto-vender-con-amazon\/#primaryimage\",\"url\":\"https:\/\/marketplaceconsulting.eu\/wp-content\/uploads\/2023\/03\/t-1-5.jpg\",\"contentUrl\":\"https:\/\/marketplaceconsulting.eu\/wp-content\/uploads\/2023\/03\/t-1-5.jpg\"},{\"@type\":\"BreadcrumbList\",\"@id\":\"https:\/\/marketplaceconsulting.eu\/contacto-vender-con-amazon\/#breadcrumb\",\"itemListElement\":[{\"@type\":\"ListItem\",\"position\":1,\"name\":\"Portada\",\"item\":\"https:\/\/marketplaceconsulting.eu\/\"},{\"@type\":\"ListItem\",\"position\":2,\"name\":\"Contacto\"}]},{\"@type\":\"WebSite\",\"@id\":\"https:\/\/marketplaceconsulting.eu\/#website\",\"url\":\"https:\/\/marketplaceconsulting.eu\/\",\"name\":\"Marketplace Consulting\",\"description\":\"Consultora especializada en ayudar a sus clientes con las ventas y gesti\u00f3n de marketplaces como Amazon, ManoMano, LeroyMerlin, MediaMarkt, Worten, CDiscount, Carrefour y muchos m\u00e1s\",\"potentialAction\":[{\"@type\":\"SearchAction\",\"target\":{\"@type\":\"EntryPoint\",\"urlTemplate\":\"https:\/\/marketplaceconsulting.eu\/?s={search_term_string}\"},\"query-input\":{\"@type\":\"PropertyValueSpecification\",\"valueRequired\":true,\"valueName\":\"search_term_string\"}}],\"inLanguage\":\"en-US\"}]}<\/script>\n<!-- \/ Yoast SEO plugin. -->","yoast_head_json":{"title":"Contacto | Consultor\u00eda Amazon y marketplaces | Marketplace Consulting","description":"Contacta con Marketplace Consulting. Te ayudamos con Amazon y otros marketplaces en apertura de cuentas, cumplimiento Amazon, registro de marca, rentabilidad, financiaci\u00f3n y distribuci\u00f3n.","robots":{"index":"index","follow":"follow","max-snippet":"max-snippet:-1","max-image-preview":"max-image-preview:large","max-video-preview":"max-video-preview:-1"},"canonical":"https:\/\/marketplaceconsulting.eu\/en\/contacto-vender-con-amazon\/","og_locale":"en_US","og_type":"article","og_title":"Contacto | Consultor\u00eda Amazon y marketplaces | Marketplace Consulting","og_description":"Contacta con Marketplace Consulting. Te ayudamos con Amazon y otros marketplaces en apertura de cuentas, cumplimiento Amazon, registro de marca, rentabilidad, financiaci\u00f3n y distribuci\u00f3n.","og_url":"https:\/\/marketplaceconsulting.eu\/en\/contacto-vender-con-amazon\/","og_site_name":"Marketplace Consulting","article_modified_time":"2026-03-27T18:55:36+00:00","og_image":[{"width":251,"height":251,"url":"https:\/\/marketplaceconsulting.eu\/wp-content\/uploads\/2023\/03\/t-1-5.jpg","type":"image\/jpeg"}],"twitter_card":"summary_large_image","twitter_misc":{"Est. reading time":"2 minutes"},"schema":{"@context":"https:\/\/schema.org","@graph":[{"@type":"WebPage","@id":"https:\/\/marketplaceconsulting.eu\/contacto-vender-con-amazon\/","url":"https:\/\/marketplaceconsulting.eu\/contacto-vender-con-amazon\/","name":"Contacto | Consultor\u00eda Amazon y marketplaces | Marketplace Consulting","isPartOf":{"@id":"https:\/\/marketplaceconsulting.eu\/#website"},"primaryImageOfPage":{"@id":"https:\/\/marketplaceconsulting.eu\/contacto-vender-con-amazon\/#primaryimage"},"image":{"@id":"https:\/\/marketplaceconsulting.eu\/contacto-vender-con-amazon\/#primaryimage"},"thumbnailUrl":"https:\/\/marketplaceconsulting.eu\/wp-content\/uploads\/2023\/03\/t-1-5.jpg","datePublished":"2022-08-10T09:15:18+00:00","dateModified":"2026-03-27T18:55:36+00:00","description":"Contacta con Marketplace Consulting. Te ayudamos con Amazon y otros marketplaces en apertura de cuentas, cumplimiento Amazon, registro de marca, rentabilidad, financiaci\u00f3n y distribuci\u00f3n.","breadcrumb":{"@id":"https:\/\/marketplaceconsulting.eu\/contacto-vender-con-amazon\/#breadcrumb"},"inLanguage":"en-US","potentialAction":[{"@type":"ReadAction","target":["https:\/\/marketplaceconsulting.eu\/contacto-vender-con-amazon\/"]}]},{"@type":"ImageObject","inLanguage":"en-US","@id":"https:\/\/marketplaceconsulting.eu\/contacto-vender-con-amazon\/#primaryimage","url":"https:\/\/marketplaceconsulting.eu\/wp-content\/uploads\/2023\/03\/t-1-5.jpg","contentUrl":"https:\/\/marketplaceconsulting.eu\/wp-content\/uploads\/2023\/03\/t-1-5.jpg"},{"@type":"BreadcrumbList","@id":"https:\/\/marketplaceconsulting.eu\/contacto-vender-con-amazon\/#breadcrumb","itemListElement":[{"@type":"ListItem","position":1,"name":"Portada","item":"https:\/\/marketplaceconsulting.eu\/"},{"@type":"ListItem","position":2,"name":"Contacto"}]},{"@type":"WebSite","@id":"https:\/\/marketplaceconsulting.eu\/#website","url":"https:\/\/marketplaceconsulting.eu\/","name":"Marketplace Consulting","description":"Consultora especializada en ayudar a sus clientes con las ventas y gesti\u00f3n de marketplaces como Amazon, ManoMano, LeroyMerlin, MediaMarkt, Worten, CDiscount, Carrefour y muchos m\u00e1s","potentialAction":[{"@type":"SearchAction","target":{"@type":"EntryPoint","urlTemplate":"https:\/\/marketplaceconsulting.eu\/?s={search_term_string}"},"query-input":{"@type":"PropertyValueSpecification","valueRequired":true,"valueName":"search_term_string"}}],"inLanguage":"en-US"}]}},"_links":{"self":[{"href":"https:\/\/marketplaceconsulting.eu\/en\/wp-json\/wp\/v2\/pages\/86","targetHints":{"allow":["GET"]}}],"collection":[{"href":"https:\/\/marketplaceconsulting.eu\/en\/wp-json\/wp\/v2\/pages"}],"about":[{"href":"https:\/\/marketplaceconsulting.eu\/en\/wp-json\/wp\/v2\/types\/page"}],"author":[{"embeddable":true,"href":"https:\/\/marketplaceconsulting.eu\/en\/wp-json\/wp\/v2\/users\/1"}],"replies":[{"embeddable":true,"href":"https:\/\/marketplaceconsulting.eu\/en\/wp-json\/wp\/v2\/comments?post=86"}],"version-history":[{"count":58,"href":"https:\/\/marketplaceconsulting.eu\/en\/wp-json\/wp\/v2\/pages\/86\/revisions"}],"predecessor-version":[{"id":13581,"href":"https:\/\/marketplaceconsulting.eu\/en\/wp-json\/wp\/v2\/pages\/86\/revisions\/13581"}],"wp:attachment":[{"href":"https:\/\/marketplaceconsulting.eu\/en\/wp-json\/wp\/v2\/media?parent=86"}],"curies":[{"name":"wp","href":"https:\/\/api.w.org\/{rel}","templated":true}]}}